{"id":12,"date":"2025-10-03T23:15:55","date_gmt":"2025-10-04T02:15:55","guid":{"rendered":"http:\/\/psicologiadatecelagem.com.br\/?page_id=12"},"modified":"2025-11-30T21:58:47","modified_gmt":"2025-12-01T00:58:47","slug":"contact-2","status":"publish","type":"page","link":"https:\/\/psicologiadatecelagem.com.br\/index.php\/contact-2\/","title":{"rendered":"Contato"},"content":{"rendered":"\n<p>Contatos poder\u00e3o serem feitos pelo e-mail atendimento@psicologiadatecelagem.com.br ou pelo telefone (74) 991579177<\/p>\n\n\n\n<p>Endere\u00e7o: Rua \u00c1guia Branca, N\u00ba 206, Senhor do Bonfim &#8211; Bahia <\/p>\n\n\n\n<p>CEP: 48970-000<\/p>\n\n\n\n<p>Respons\u00e1vel por este projeto e site: Edson Carlos de Sena &#8211; psicanalista<\/p>\n\n\n\n<p><\/p>\n\n\n\n<p><\/p>\n\n\n\n<p><\/p>\n\n\n\n<div style=\"height:156px\" aria-hidden=\"true\" class=\"wp-block-spacer\"><\/div>\n\n\n\n<div class=\"wp-block-group is-layout-flow wp-block-group-is-layout-flow\">\n<div class=\"wp-block-group is-layout-flow wp-block-group-is-layout-flow\">\n<div style=\"height:69px\" aria-hidden=\"true\" class=\"wp-block-spacer\"><\/div>\n\n\n\n<div class=\"wp-block-columns is-layout-flex wp-container-core-columns-is-layout-28f84493 wp-block-columns-is-layout-flex\">\n<div class=\"wp-block-column is-layout-flow wp-block-column-is-layout-flow\">\n<p class=\"has-text-align-left has-text-color\" style=\"color:#0bb4aa\"><\/p>\n<\/div>\n\n\n\n<div class=\"wp-block-column is-layout-flow wp-block-column-is-layout-flow\"><\/div>\n<\/div>\n\n\n\n<div style=\"height:52px\" aria-hidden=\"true\" class=\"wp-block-spacer\"><\/div>\n<\/div>\n<\/div>\n","protected":false},"excerpt":{"rendered":"<p>Contatos poder\u00e3o serem feitos pelo e-mail atendimento@psicologiadatecelagem.com.br ou pelo telefone (74) 991579177 Endere\u00e7o: Rua \u00c1guia Branca, N\u00ba 206, Senhor do Bonfim &#8211; Bahia CEP: 48970-000 Respons\u00e1vel por este projeto e site: Edson Carlos de Sena &#8211; psicanalista<\/p>\n","protected":false},"author":1,"featured_media":0,"parent":0,"menu_order":0,"comment_status":"closed","ping_status":"closed","template":"","meta":{"footnotes":""},"class_list":["post-12","page","type-page","status-publish","hentry"],"_links":{"self":[{"href":"https:\/\/psicologiadatecelagem.com.br\/index.php\/wp-json\/wp\/v2\/pages\/12","targetHints":{"allow":["GET"]}}],"collection":[{"href":"https:\/\/psicologiadatecelagem.com.br\/index.php\/wp-json\/wp\/v2\/pages"}],"about":[{"href":"https:\/\/psicologiadatecelagem.com.br\/index.php\/wp-json\/wp\/v2\/types\/page"}],"author":[{"embeddable":true,"href":"https:\/\/psicologiadatecelagem.com.br\/index.php\/wp-json\/wp\/v2\/users\/1"}],"replies":[{"embeddable":true,"href":"https:\/\/psicologiadatecelagem.com.br\/index.php\/wp-json\/wp\/v2\/comments?post=12"}],"version-history":[{"count":6,"href":"https:\/\/psicologiadatecelagem.com.br\/index.php\/wp-json\/wp\/v2\/pages\/12\/revisions"}],"predecessor-version":[{"id":67,"href":"https:\/\/psicologiadatecelagem.com.br\/index.php\/wp-json\/wp\/v2\/pages\/12\/revisions\/67"}],"wp:attachment":[{"href":"https:\/\/psicologiadatecelagem.com.br\/index.php\/wp-json\/wp\/v2\/media?parent=12"}],"curies":[{"name":"wp","href":"https:\/\/api.w.org\/{rel}","templated":true}]}}